{"id":469,"date":"2023-07-13T15:16:03","date_gmt":"2023-07-13T13:16:03","guid":{"rendered":"https:\/\/arap23.fai.utb.cz\/?page_id=469"},"modified":"2023-07-19T13:40:06","modified_gmt":"2023-07-19T11:40:06","slug":"registrace","status":"publish","type":"page","link":"https:\/\/arap23.fai.utb.cz\/index.php\/ucastnici\/registrace\/","title":{"rendered":"Registrace"},"content":{"rendered":"<div data-colibri-id=\"469-c1\" class=\"style-601 style-local-469-c1 position-relative\">\n  <!---->\n  <div data-colibri-component=\"section\" data-colibri-id=\"469-c2\" id=\"initial-content\" class=\"h-section h-section-global-spacing d-flex align-items-lg-center align-items-md-center align-items-center style-602 style-local-469-c2 position-relative\">\n    <!---->\n    <!---->\n    <div class=\"h-section-grid-container h-section-boxed-container\">\n      <!---->\n      <div data-colibri-id=\"469-c6\" class=\"h-row-container gutters-row-lg-2 gutters-row-md-2 gutters-row-0 gutters-row-v-lg-2 gutters-row-v-md-2 gutters-row-v-2 style-606 style-local-469-c6 position-relative\">\n        <!---->\n        <div class=\"h-row justify-content-lg-center justify-content-md-center justify-content-center align-items-lg-stretch align-items-md-stretch align-items-stretch gutters-col-lg-2 gutters-col-md-2 gutters-col-0 gutters-col-v-lg-2 gutters-col-v-md-2 gutters-col-v-2\">\n          <!---->\n          <div class=\"h-column h-column-container d-flex h-col-lg-auto h-col-md-auto h-col-auto style-607-outer style-local-469-c7-outer\">\n            <div data-colibri-id=\"469-c7\" class=\"d-flex h-flex-basis h-column__inner h-px-lg-2 h-px-md-2 h-px-2 v-inner-lg-2 v-inner-md-2 v-inner-2 style-607 style-local-469-c7 position-relative\">\n              <!---->\n              <!---->\n              <div class=\"w-100 h-y-container h-column__content h-column__v-align flex-basis-100 align-self-lg-start align-self-md-start align-self-start\">\n                <!---->\n                <div data-colibri-id=\"469-c8\" class=\"d-block style-608 style-local-469-c8 position-relative h-element\">\n                  <!---->\n                  <div class=\"h-image__frame-container-outer\">\n                    <div class=\"h-image__frame-container\">\n                      <!---->\n                      <!---->\n                      <img loading=\"lazy\" decoding=\"async\" width=\"1500\" height=\"84\" src=\"https:\/\/arap23.fai.utb.cz\/wp-content\/uploads\/2023\/07\/arap2023_new.jpg\" class=\"wp-image-643 style-608-image style-local-469-c8-image\" alt=\"\" srcset=\"https:\/\/arap23.fai.utb.cz\/wp-content\/uploads\/2023\/07\/arap2023_new.jpg 1500w, https:\/\/arap23.fai.utb.cz\/wp-content\/uploads\/2023\/07\/arap2023_new-300x17.jpg 300w, https:\/\/arap23.fai.utb.cz\/wp-content\/uploads\/2023\/07\/arap2023_new-1024x57.jpg 1024w, https:\/\/arap23.fai.utb.cz\/wp-content\/uploads\/2023\/07\/arap2023_new-768x43.jpg 768w\" sizes=\"auto, (max-width: 1500px) 100vw, 1500px\" \/>\n                      <div class=\"h-image__frame h-hide-lg h-hide-md h-hide-sm style-608-frameImage style-local-469-c8-frameImage\"><\/div>\n                    <\/div>\n                  <\/div>\n                <\/div>\n              <\/div>\n            <\/div>\n          <\/div>\n        <\/div>\n      <\/div>\n      <div data-colibri-id=\"469-c3\" class=\"h-row-container gutters-row-lg-2 gutters-row-md-2 gutters-row-0 gutters-row-v-lg-2 gutters-row-v-md-2 gutters-row-v-2 style-603 style-local-469-c3 position-relative\">\n        <!---->\n        <div class=\"h-row justify-content-lg-center justify-content-md-center justify-content-center align-items-lg-stretch align-items-md-stretch align-items-stretch gutters-col-lg-2 gutters-col-md-2 gutters-col-0 gutters-col-v-lg-2 gutters-col-v-md-2 gutters-col-v-2\">\n          <!---->\n          <div class=\"h-column h-column-container d-flex h-col-lg-auto h-col-md-auto h-col-auto style-604-outer style-local-469-c4-outer\">\n            <div data-colibri-id=\"469-c4\" class=\"d-flex h-flex-basis h-column__inner h-px-lg-2 h-px-md-2 h-px-2 v-inner-lg-2 v-inner-md-2 v-inner-2 style-604 style-local-469-c4 position-relative\">\n              <!---->\n              <!---->\n              <div class=\"w-100 h-y-container h-column__content h-column__v-align flex-basis-100 align-self-lg-start align-self-md-start align-self-start\">\n                <!---->\n                <div data-colibri-id=\"469-c5\" class=\"style-605 style-local-469-c5 position-relative h-element\">\n                  <!---->\n                  <div>\n                    \n                    <p>Registrace<\/p>\n                    \n\n                    <style type=\"text\/css\" id=\"cspFormShell_11_337278_style\">#cspFormShell_11_337278 {}#cspFormShell_11_337278 label {\twidth: 100%;}\/*Fields shell basic*\/#cspFormShell_11_337278 .cfsFieldShell input:not([type=\"checkbox\"]):not([type=\"radio\"]),#cspFormShell_11_337278 .cfsFieldShell textarea,#cspFormShell_11_337278 .cfsFieldShell .cfsListSelect, #cspFormShell_11_337278 .cfsFieldShell .cfsCheck,#cspFormShell_11_337278 .cfsFieldShell button{    padding: 10px;    width: 100%;    font-size: 18px;    line-height: normal;  \tborder: 1px solidrgba(0,0,0,0.1);    color:rgba(0,0,0,0.7);  \tbackground-color:#c4c4c4;    hyphens: none;    border-radius: 0;    margin: 0;    max-width: 100%;    vertical-align: baseline;  \tdisplay: block;  \theight: auto;}#cspFormShell_11_337278 .cfsFieldShell input[type=\"submit\"]:not([type=\"checkbox\"]):not([type=\"radio\"]), #cspFormShell_11_337278 .cfsFieldShell input[type=\"reset\"]:not([type=\"checkbox\"]):not([type=\"radio\"]), #cspFormShell_11_337278 .cfsFieldShell input[type=\"button\"],#cspFormShell_11_337278 .cfsFieldShell button {\tcursor: pointer;  \tfont-weight: 700;    border: 0 none;    color: #fff;    text-transform: uppercase;  \t-webkit-appearance: none;}#cspFormShell_11_337278 .cfsFieldShell input[type=\"submit\"]:not([type=\"checkbox\"]):not([type=\"radio\"]), #cspFormShell_11_337278 .cfsFieldShell input[type=\"button\"],#cspFormShell_11_337278 .cfsFieldShell button {  \tbackground-color: #333333;  \tbackground-image: none;}#cspFormShell_11_337278 .cfsFieldShell input[type=\"submit\"]:not([type=\"checkbox\"]):not([type=\"radio\"]):hover, #cspFormShell_11_337278 .cfsFieldShell input[type=\"button\"]:hover,#cspFormShell_11_337278 .cfsFieldShell button:hover {  \tbackground-color:rgba(51,51,51,0.7);}#cspFormShell_11_337278 .cfsFieldShell input[type=\"reset\"]:not([type=\"checkbox\"]):not([type=\"radio\"]) {  \tbackground-color: #333333;  \tbackground-image: none;}#cspFormShell_11_337278 .cfsFieldShell input[type=\"reset\"]:not([type=\"checkbox\"]):not([type=\"radio\"]):hover {  \tbackground-color:rgba(51,51,51,0.7);}\/* Placeholder text color -- selectors need to be separate to work. *\/#cspFormShell_11_337278 ::-webkit-input-placeholder {\tcolor: rgba(51, 51, 51, 0.7);}#cspFormShell_11_337278 :-moz-placeholder {\tcolor: rgba(51, 51, 51, 0.7);}#cspFormShell_11_337278 ::-moz-placeholder {\tcolor: rgba(51, 51, 51, 0.7);\topacity: 1; \/* Since FF19 lowers the opacity of the placeholder by default *\/}#cspFormShell_11_337278 :-ms-input-placeholder {\tcolor: rgba(51, 51, 51, 0.7);}#cspFormShell_11_337278 { width: 100%}#cspFormShell_11_337278 .cfsSuccessMsg { color: #0008ad !important}<\/style><div id=\"cspFormShell_11_337278\" class=\"cfsFormShell\"><form class=\"csfForm\" method=\"post\" action=\"https:\/\/arap23.fai.utb.cz\/\"><div class=\"supRow cfsFieldsRow\"><div class=\"supSm6 cfsFieldCol\" data-name=\"prijmeni\" data-type=\"text\"><div class=\"cfsFieldShell cfsField_text\" ><label><span class=\"cfsInputLabel\">P\u0159\u00edjmen\u00ed&nbsp;<\/span><input type=\"text\" name=\"fields[prijmeni]\" value=\"\" data-name=\"prijmeni\" required  placeholder=\"P\u0159\u00edjmen\u00ed\" \/><\/label><\/div><\/div><div class=\"supSm6 cfsFieldCol\" data-name=\"jmeno\" data-type=\"text\"><div class=\"cfsFieldShell cfsField_text\" ><label><span class=\"cfsInputLabel\">Jm\u00e9no&nbsp;<\/span><input type=\"text\" name=\"fields[jmeno]\" value=\"\" data-name=\"jmeno\" required  placeholder=\"Jm\u00e9no\" \/><\/label><\/div><\/div><\/div><div class=\"supRow cfsFieldsRow\"><div class=\"supSm12 cfsFieldCol\" data-name=\"Tituly\" data-type=\"checkboxlist\"><div class=\"cfsFieldShell cfsField_checkboxlist\" ><label><span class=\"cfsListSelectLabel\">Tituly p\u0159ed a za jm\u00e9nem <\/span><span class=\"cfsListSelect\"><label for=\"cfsCheckRandId_96299\"><input type=\"checkbox\" name=\"fields[Tituly][]\" value=\"prof.\" data-name=\"Tituly\" id=\"cfsCheckRandId_96299\"  \/>prof.<\/label><label for=\"cfsCheckRandId_75780\"><input type=\"checkbox\" name=\"fields[Tituly][]\" value=\"doc.\" data-name=\"Tituly\" id=\"cfsCheckRandId_75780\"  \/>doc.<\/label><label for=\"cfsCheckRandId_19568\"><input type=\"checkbox\" name=\"fields[Tituly][]\" value=\"Ing.\" data-name=\"Tituly\" id=\"cfsCheckRandId_19568\"  \/>Ing.<\/label><label for=\"cfsCheckRandId_91052\"><input type=\"checkbox\" name=\"fields[Tituly][]\" value=\"RNDr.\" data-name=\"Tituly\" id=\"cfsCheckRandId_91052\"  \/>RNDr.<\/label><label for=\"cfsCheckRandId_82396\"><input type=\"checkbox\" name=\"fields[Tituly][]\" value=\"PaedDr.\" data-name=\"Tituly\" id=\"cfsCheckRandId_82396\"  \/>PaedDr.<\/label><label for=\"cfsCheckRandId_96601\"><input type=\"checkbox\" name=\"fields[Tituly][]\" value=\"Mgr.\" data-name=\"Tituly\" id=\"cfsCheckRandId_96601\"  \/>Mgr.<\/label><label for=\"cfsCheckRandId_77892\"><input type=\"checkbox\" name=\"fields[Tituly][]\" value=\"Bc.\" data-name=\"Tituly\" id=\"cfsCheckRandId_77892\"  \/>Bc.<\/label><label for=\"cfsCheckRandId_20251\"><input type=\"checkbox\" name=\"fields[Tituly][]\" value=\"CSc.\" data-name=\"Tituly\" id=\"cfsCheckRandId_20251\"  \/>CSc.<\/label><label for=\"cfsCheckRandId_14586\"><input type=\"checkbox\" name=\"fields[Tituly][]\" value=\"Ph.D.\" data-name=\"Tituly\" id=\"cfsCheckRandId_14586\"  \/>Ph.D.<\/label><label for=\"cfsCheckRandId_17154\"><input type=\"checkbox\" name=\"fields[Tituly][]\" value=\"DrSc.\" data-name=\"Tituly\" id=\"cfsCheckRandId_17154\"  \/>DrSc.<\/label><label for=\"cfsCheckRandId_48568\"><input type=\"checkbox\" name=\"fields[Tituly][]\" value=\"Dr.h.c.\" data-name=\"Tituly\" id=\"cfsCheckRandId_48568\"  \/>Dr.h.c.<\/label><\/span><\/label><\/div><\/div><\/div><div class=\"supRow cfsFieldsRow\"><div class=\"supSm12 cfsFieldCol\" data-name=\"E-mail\" data-type=\"email\"><div class=\"cfsFieldShell cfsField_email\" ><label><span class=\"cfsInputLabel\">E-mail&nbsp;<\/span><input type=\"email\" name=\"fields[E-mail]\" value=\"\" data-name=\"E-mail\" required  placeholder=\"arap23@fai.utb.cz\" \/><\/label><\/div><\/div><\/div><div class=\"supRow cfsFieldsRow\"><div class=\"supSm12 cfsFieldCol\" data-name=\"Telefon\" data-type=\"text\"><div class=\"cfsFieldShell cfsField_text\" ><label><span class=\"cfsInputLabel\">Telefon\/mobil&nbsp;<\/span><input type=\"text\" name=\"fields[Telefon]\" value=\"\" data-name=\"Telefon\" required  placeholder=\"+420 576035255\" \/><\/label><\/div><\/div><\/div><div class=\"supRow cfsFieldsRow\"><div class=\"supSm12 cfsFieldCol\" data-name=\"Firma_Univerzita\" data-type=\"text\"><div class=\"cfsFieldShell cfsField_text\" ><label><span class=\"cfsInputLabel\">Firma\/Univerzita&nbsp;<\/span><input type=\"text\" name=\"fields[Firma_Univerzita]\" value=\"\" data-name=\"Firma_Univerzita\" required  placeholder=\"Univerzita Tom\u00e1\u0161e Bati ve Zl\u00edn\u011b\" \/><\/label><\/div><\/div><\/div><div class=\"supRow cfsFieldsRow\"><div class=\"supSm12 cfsFieldCol\" data-name=\"Pracoviste_Fakulta\" data-type=\"text\"><div class=\"cfsFieldShell cfsField_text\" ><label><span class=\"cfsInputLabel\">Pracovi\u0161t\u011b\/Fakulta&nbsp;<\/span><input type=\"text\" name=\"fields[Pracoviste_Fakulta]\" value=\"\" data-name=\"Pracoviste_Fakulta\" required  placeholder=\"Fakulta aplikovan\u00e9 informatiky\" \/><\/label><\/div><\/div><\/div><div class=\"supRow cfsFieldsRow\"><div class=\"supSm12 cfsFieldCol\" data-name=\"Ustav\" data-type=\"text\"><div class=\"cfsFieldShell cfsField_text\" ><label><span class=\"cfsInputLabel\">\u00dastav\/katedra&nbsp;<\/span><input type=\"text\" name=\"fields[Ustav]\" value=\"\" data-name=\"Ustav\" placeholder=\"\u00dastav automatizace a \u0159\u00eddic\u00ed techniky\" \/><\/label><\/div><\/div><\/div><div class=\"supRow cfsFieldsRow\"><div class=\"supSm12 cfsFieldCol\" data-name=\"Adresa_pracoviste\" data-type=\"text\"><div class=\"cfsFieldShell cfsField_text\" ><label><span class=\"cfsInputLabel\">Adresa pracovi\u0161t\u011b - ulice \u010d.pop., m\u011bsto, PS\u010c, st\u00e1t&nbsp;<\/span><input type=\"text\" name=\"fields[Adresa_pracoviste]\" value=\"\" data-name=\"Adresa_pracoviste\" required  placeholder=\"FAI, Nad Str\u00e1n\u011bmi 4511, Zl\u00edn 5, 760 05, \u010cesk\u00e1 republika\" \/><\/label><\/div><\/div><\/div><div class=\"supRow cfsFieldsRow\"><div class=\"supSm12 cfsFieldCol\" data-name=\"Fakturacni_adresa\" data-type=\"text\"><div class=\"cfsFieldShell cfsField_text\" ><label><span class=\"cfsInputLabel\">Faktura\u010dn\u00ed adresa, ulice \u010d.pop., m\u011bsto, PS\u010c, st\u00e1t&nbsp;<\/span><input type=\"text\" name=\"fields[Fakturacni_adresa]\" value=\"\" data-name=\"Fakturacni_adresa\" required  placeholder=\"FAI, UTB ve Zl\u00edn\u011b, n\u00e1m. T. G. Masaryka 5555, Zl\u00edn, 760 01, \u010cesk\u00e1 republika\" \/><\/label><\/div><\/div><\/div><div class=\"supRow cfsFieldsRow\"><div class=\"supSm12 cfsFieldCol\" data-name=\"ICO\" data-type=\"text\"><div class=\"cfsFieldShell cfsField_text\" ><label><span class=\"cfsInputLabel\">I\u010c&nbsp;<\/span><input type=\"text\" name=\"fields[ICO]\" value=\"\" data-name=\"ICO\" required  placeholder=\"70883521\" \/><\/label><\/div><\/div><\/div><div class=\"supRow cfsFieldsRow\"><div class=\"supSm12 cfsFieldCol\" data-name=\"DIC\" data-type=\"text\"><div class=\"cfsFieldShell cfsField_text\" ><label><span class=\"cfsInputLabel\">DI\u010c&nbsp;<\/span><input type=\"text\" name=\"fields[DIC]\" value=\"\" data-name=\"DIC\" required  placeholder=\"CZ70883521\" \/><\/label><\/div><\/div><\/div><div class=\"supRow cfsFieldsRow\"><div class=\"supSm12 cfsFieldCol\" data-name=\"Vse_doprovodny_program\" data-type=\"checkboxlist\"><div class=\"cfsFieldShell cfsField_checkboxlist\" ><label><span class=\"cfsListSelectLabel\">Pros\u00edme, vypl\u0148te zda chcete pln\u00fd program nebo jen doprovodn\u00fd program <\/span><span class=\"cfsListSelect\"><label for=\"cfsCheckRandId_12981\"><input type=\"checkbox\" name=\"fields[Vse_doprovodny_program][]\" value=\"Pln\u00fd program\" data-name=\"Vse_doprovodny_program\" id=\"cfsCheckRandId_12981\"  \/>Pln\u00fd program<\/label><label for=\"cfsCheckRandId_24723\"><input type=\"checkbox\" name=\"fields[Vse_doprovodny_program][]\" value=\"Doprovodn\u00fd program\" data-name=\"Vse_doprovodny_program\" id=\"cfsCheckRandId_24723\"  \/>Doprovodn\u00fd program<\/label><\/span><\/label><\/div><\/div><\/div><div class=\"supRow cfsFieldsRow\"><div class=\"supSm6 cfsFieldCol\" data-name=\"send\" data-type=\"submit\"><div class=\"cfsFieldShell cfsField_submit\" ><input type=\"submit\" name=\"fields[send]\" value=\"Send\" data-name=\"send\" \/><\/div><\/div><div class=\"supSm6 cfsFieldCol\" data-name=\"reset\" data-type=\"reset\"><div class=\"cfsFieldShell cfsField_reset\" ><input type=\"reset\" name=\"fields[reset]\" value=\"Reset\" data-name=\"reset\" \/><\/div><\/div><\/div><input type=\"hidden\" name=\"mod\" value=\"forms\"  \/><input type=\"hidden\" name=\"action\" value=\"contact\"  \/><input type=\"hidden\" name=\"id\" value=\"11\"  \/><input type=\"hidden\" name=\"_wpnonce\" value=\"b4d7b27f2a\"  \/><div class=\"cfsContactMsg\"><\/div><\/form><\/div><span style=\"display: none !important;\" class=\"cfsFormDesc\">eyJpZCI6IjExIiwibGFiZWwiOiJSZWdpc3RyYWNlIiwiYWN0aXZlIjoiMSIsIm9yaWdpbmFsX2lkIjoiMSIsInVuaXF1ZV9pZCI6IndlZmoyIiwicGFyYW1zIjp7ImVuYWJsZUZvck1lbWJlcnNoaXAiOiIwIiwidHBsIjp7IndpZHRoIjoiMTAwIiwid2lkdGhfbWVhc3VyZSI6IiUiLCJiZ190eXBlXzAiOiJub25lIiwiYmdfaW1nXzAiOiIiLCJiZ19jb2xvcl8wIjoiIzgxZDc0MiIsImJnX3R5cGVfMSI6ImNvbG9yIiwiYmdfaW1nXzEiOiIiLCJiZ19jb2xvcl8xIjoiIzAwMDAwMCIsImJnX3R5cGVfMiI6ImNvbG9yIiwiYmdfaW1nXzIiOiIiLCJiZ19jb2xvcl8yIjoiIzMzMzMzMyIsImJnX3R5cGVfMyI6ImNvbG9yIiwiYmdfaW1nXzMiOiIiLCJiZ19jb2xvcl8zIjoiIzMzMzMzMyIsImZpZWxkX2Vycm9yX2ludmFsaWQiOiIiLCJmb3JtX3NlbnRfbXNnIjoiQnlsaSBqc3RlIFx1MDBmYXNwXHUwMTFiXHUwMTYxblx1MDExYiB6YXJlZ2lzdHJvdlx1MDBlMW5pIG5hIGtvbmZlcmVuY2kgQVJhUCAyMDIzLiBEXHUwMTFia3VqZW1lIHphIFZcdTAwZTFcdTAxNjEgelx1MDBlMWplbSBhIHRcdTAxMWJcdTAxNjFcdTAwZWRtZSBzZSBuYSBzZXRrXHUwMGUxblx1MDBlZCBzIFZcdTAwZTFtaS4gT3JnYW5pemFcdTAxMGRuXHUwMGVkIHZcdTAwZmRib3Iga29uZmVyZW5jZSIsImZvcm1fc2VudF9tc2dfY29sb3IiOiIjMDAwOGFkIiwiaGlkZV9vbl9zdWJtaXQiOiIxIiwicmVkaXJlY3Rfb25fc3VibWl0IjoiIiwidGVzdF9lbWFpbCI6ImtvbWluZWtAdXRiLmN6Iiwic2F2ZV9jb250YWN0cyI6IjEiLCJleHBfZGVsaW0iOiI7IiwiZmJfY29udmVydF9iYXNlIjoiIiwiZmllbGRfd3JhcHBlciI6IjxkaXYgW2ZpZWxkX3NoZWxsX2NsYXNzZXNdIFtmaWVsZF9zaGVsbF9zdHlsZXNdPltmaWVsZF08XC9kaXY+In0sImZpZWxkcyI6W3siYnNfY2xhc3NfaWQiOiI2IiwibmFtZSI6InByaWptZW5pIiwibGFiZWwiOiJQXHUwMTU5XHUwMGVkam1lblx1MDBlZCIsInBsYWNlaG9sZGVyIjoiUFx1MDE1OVx1MDBlZGptZW5cdTAwZWQiLCJ2YWx1ZSI6IiIsInZhbHVlX3ByZXNldCI6IiIsImh0bWwiOiJ0ZXh0IiwibWFuZGF0b3J5IjoiMSIsIm1pbl9zaXplIjoiIiwibWF4X3NpemUiOiIiLCJhZGRfY2xhc3NlcyI6IiIsImFkZF9zdHlsZXMiOiIiLCJhZGRfYXR0ciI6IiIsInZuX29ubHlfbnVtYmVyIjoiMCIsInZuX29ubHlfbGV0dGVycyI6IjAiLCJ2bl9wYXR0ZXJuIjoiMCIsInZuX2VxdWFsIjoiIiwiaWNvbl9jbGFzcyI6IiIsImljb25fc2l6ZSI6IiIsImljb25fY29sb3IiOiIiLCJ0ZXJtcyI6IiJ9LHsiYnNfY2xhc3NfaWQiOiI2IiwibmFtZSI6ImptZW5vIiwibGFiZWwiOiJKbVx1MDBlOW5vIiwicGxhY2Vob2xkZXIiOiJKbVx1MDBlOW5vIiwidmFsdWUiOiIiLCJ2YWx1ZV9wcmVzZXQiOiIiLCJodG1sIjoidGV4dCIsIm1hbmRhdG9yeSI6IjEiLCJtaW5fc2l6ZSI6IiIsIm1heF9zaXplIjoiIiwiYWRkX2NsYXNzZXMiOiIiLCJhZGRfc3R5bGVzIjoiIiwiYWRkX2F0dHIiOiIiLCJ2bl9vbmx5X251bWJlciI6IjAiLCJ2bl9vbmx5X2xldHRlcnMiOiIwIiwidm5fcGF0dGVybiI6IjAiLCJ2bl9lcXVhbCI6IiIsImljb25fY2xhc3MiOiIiLCJpY29uX3NpemUiOiIiLCJpY29uX2NvbG9yIjoiIiwidGVybXMiOiIifSx7ImJzX2NsYXNzX2lkIjoiMTIiLCJuYW1lIjoiVGl0dWx5IiwibGFiZWwiOiJUaXR1bHkgcFx1MDE1OWVkIGEgemEgam1cdTAwZTluZW0iLCJ2YWx1ZSI6IiIsInZhbHVlX3ByZXNldCI6IiIsImh0bWwiOiJjaGVja2JveGxpc3QiLCJtYW5kYXRvcnkiOiIwIiwibGFiZWxfZGVsaW0iOiIiLCJkaXNwbGF5Ijoicm93IiwiYWRkX2NsYXNzZXMiOiIiLCJhZGRfc3R5bGVzIjoiIiwiYWRkX2F0dHIiOiIiLCJpY29uX2NsYXNzIjoiIiwiaWNvbl9zaXplIjoiIiwiaWNvbl9jb2xvciI6IiIsInRlcm1zIjoiIiwib3B0aW9ucyI6W3sibmFtZSI6InByb2YuIiwibGFiZWwiOiJwcm9mLiJ9LHsibmFtZSI6ImRvYy4iLCJsYWJlbCI6ImRvYy4ifSx7Im5hbWUiOiJJbmcuIiwibGFiZWwiOiJJbmcuIn0seyJuYW1lIjoiUk5Eci4iLCJsYWJlbCI6IlJORHIuIn0seyJuYW1lIjoiUGFlZERyLiIsImxhYmVsIjoiUGFlZERyLiJ9LHsibmFtZSI6Ik1nci4iLCJsYWJlbCI6Ik1nci4ifSx7Im5hbWUiOiJCYy4iLCJsYWJlbCI6IkJjLiJ9LHsibmFtZSI6IkNTYy4iLCJsYWJlbCI6IkNTYy4ifSx7Im5hbWUiOiJQaC5ELiIsImxhYmVsIjoiUGguRC4ifSx7Im5hbWUiOiJEclNjLiIsImxhYmVsIjoiRHJTYy4ifSx7Im5hbWUiOiJEci5oLmMuIiwibGFiZWwiOiJEci5oLmMuIn1dfSx7ImJzX2NsYXNzX2lkIjoiMTIiLCJuYW1lIjoiRS1tYWlsIiwibGFiZWwiOiJFLW1haWwiLCJwbGFjZWhvbGRlciI6ImFyYXAyM0BmYWkudXRiLmN6IiwidmFsdWUiOiIiLCJ2YWx1ZV9wcmVzZXQiOiIiLCJodG1sIjoiZW1haWwiLCJtYW5kYXRvcnkiOiIxIiwibWluX3NpemUiOiIiLCJtYXhfc2l6ZSI6IiIsImFkZF9jbGFzc2VzIjoiIiwiYWRkX3N0eWxlcyI6IiIsImFkZF9hdHRyIjoiIiwidm5fb25seV9udW1iZXIiOiIwIiwidm5fb25seV9sZXR0ZXJzIjoiMCIsInZuX3BhdHRlcm4iOiIiLCJ2bl9lcXVhbCI6IiIsImljb25fY2xhc3MiOiIiLCJpY29uX3NpemUiOiIiLCJpY29uX2NvbG9yIjoiIiwidGVybXMiOiIifSx7ImJzX2NsYXNzX2lkIjoiMTIiLCJuYW1lIjoiVGVsZWZvbiIsImxhYmVsIjoiVGVsZWZvblwvbW9iaWwiLCJwbGFjZWhvbGRlciI6Iis0MjAgNTc2MDM1MjU1IiwidmFsdWUiOiIiLCJ2YWx1ZV9wcmVzZXQiOiIiLCJodG1sIjoidGV4dCIsIm1hbmRhdG9yeSI6IjEiLCJtaW5fc2l6ZSI6IiIsIm1heF9zaXplIjoiIiwiYWRkX2NsYXNzZXMiOiIiLCJhZGRfc3R5bGVzIjoiIiwiYWRkX2F0dHIiOiIiLCJ2bl9vbmx5X251bWJlciI6IjAiLCJ2bl9vbmx5X2xldHRlcnMiOiIwIiwidm5fcGF0dGVybiI6IiIsInZuX2VxdWFsIjoiIiwiaWNvbl9jbGFzcyI6IiIsImljb25fc2l6ZSI6IiIsImljb25fY29sb3IiOiIiLCJ0ZXJtcyI6IiJ9LHsiYnNfY2xhc3NfaWQiOiIxMiIsIm5hbWUiOiJGaXJtYV9Vbml2ZXJ6aXRhIiwibGFiZWwiOiJGaXJtYVwvVW5pdmVyeml0YSIsInBsYWNlaG9sZGVyIjoiVW5pdmVyeml0YSBUb21cdTAwZTFcdTAxNjFlIEJhdGkgdmUgWmxcdTAwZWRuXHUwMTFiIiwidmFsdWUiOiIiLCJ2YWx1ZV9wcmVzZXQiOiIiLCJodG1sIjoidGV4dCIsIm1hbmRhdG9yeSI6IjEiLCJtaW5fc2l6ZSI6IiIsIm1heF9zaXplIjoiIiwiYWRkX2NsYXNzZXMiOiIiLCJhZGRfc3R5bGVzIjoiIiwiYWRkX2F0dHIiOiIiLCJ2bl9vbmx5X251bWJlciI6IjAiLCJ2bl9vbmx5X2xldHRlcnMiOiIwIiwidm5fcGF0dGVybiI6IiIsInZuX2VxdWFsIjoiIiwiaWNvbl9jbGFzcyI6IiIsImljb25fc2l6ZSI6IiIsImljb25fY29sb3IiOiIiLCJ0ZXJtcyI6IiJ9LHsiYnNfY2xhc3NfaWQiOiIxMiIsIm5hbWUiOiJQcmFjb3Zpc3RlX0Zha3VsdGEiLCJsYWJlbCI6IlByYWNvdmlcdTAxNjF0XHUwMTFiXC9GYWt1bHRhIiwicGxhY2Vob2xkZXIiOiJGYWt1bHRhIGFwbGlrb3Zhblx1MDBlOSBpbmZvcm1hdGlreSIsInZhbHVlIjoiIiwidmFsdWVfcHJlc2V0IjoiIiwiaHRtbCI6InRleHQiLCJtYW5kYXRvcnkiOiIxIiwibWluX3NpemUiOiIiLCJtYXhfc2l6ZSI6IiIsImFkZF9jbGFzc2VzIjoiIiwiYWRkX3N0eWxlcyI6IiIsImFkZF9hdHRyIjoiIiwidm5fb25seV9udW1iZXIiOiIwIiwidm5fb25seV9sZXR0ZXJzIjoiMCIsInZuX3BhdHRlcm4iOiIiLCJ2bl9lcXVhbCI6IiIsImljb25fY2xhc3MiOiIiLCJpY29uX3NpemUiOiIiLCJpY29uX2NvbG9yIjoiIiwidGVybXMiOiIifSx7ImJzX2NsYXNzX2lkIjoiMTIiLCJuYW1lIjoiVXN0YXYiLCJsYWJlbCI6Ilx1MDBkYXN0YXZcL2thdGVkcmEiLCJwbGFjZWhvbGRlciI6Ilx1MDBkYXN0YXYgYXV0b21hdGl6YWNlIGEgXHUwMTU5XHUwMGVkZGljXHUwMGVkIHRlY2huaWt5IiwidmFsdWUiOiIiLCJ2YWx1ZV9wcmVzZXQiOiIiLCJodG1sIjoidGV4dCIsIm1hbmRhdG9yeSI6IjAiLCJtaW5fc2l6ZSI6IiIsIm1heF9zaXplIjoiIiwiYWRkX2NsYXNzZXMiOiIiLCJhZGRfc3R5bGVzIjoiIiwiYWRkX2F0dHIiOiIiLCJ2bl9vbmx5X251bWJlciI6IjAiLCJ2bl9vbmx5X2xldHRlcnMiOiIwIiwidm5fcGF0dGVybiI6IiIsInZuX2VxdWFsIjoiIiwiaWNvbl9jbGFzcyI6IiIsImljb25fc2l6ZSI6IiIsImljb25fY29sb3IiOiIiLCJ0ZXJtcyI6IiJ9LHsiYnNfY2xhc3NfaWQiOiIxMiIsIm5hbWUiOiJBZHJlc2FfcHJhY292aXN0ZSIsImxhYmVsIjoiQWRyZXNhIHByYWNvdmlcdTAxNjF0XHUwMTFiIC0gdWxpY2UgXHUwMTBkLnBvcC4sIG1cdTAxMWJzdG8sIFBTXHUwMTBjLCBzdFx1MDBlMXQiLCJwbGFjZWhvbGRlciI6IkZBSSwgTmFkIFN0clx1MDBlMW5cdTAxMWJtaSA0NTExLCBabFx1MDBlZG4gNSwgNzYwIDA1LCBcdTAxMGNlc2tcdTAwZTEgcmVwdWJsaWthIiwidmFsdWUiOiIiLCJ2YWx1ZV9wcmVzZXQiOiIiLCJodG1sIjoidGV4dCIsIm1hbmRhdG9yeSI6IjEiLCJtaW5fc2l6ZSI6IiIsIm1heF9zaXplIjoiIiwiYWRkX2NsYXNzZXMiOiIiLCJhZGRfc3R5bGVzIjoiIiwiYWRkX2F0dHIiOiIiLCJ2bl9vbmx5X251bWJlciI6IjAiLCJ2bl9vbmx5X2xldHRlcnMiOiIwIiwidm5fcGF0dGVybiI6IiIsInZuX2VxdWFsIjoiIiwiaWNvbl9jbGFzcyI6IiIsImljb25fc2l6ZSI6IiIsImljb25fY29sb3IiOiIiLCJ0ZXJtcyI6IiJ9LHsiYnNfY2xhc3NfaWQiOiIxMiIsIm5hbWUiOiJGYWt0dXJhY25pX2FkcmVzYSIsImxhYmVsIjoiRmFrdHVyYVx1MDEwZG5cdTAwZWQgYWRyZXNhLCB1bGljZSBcdTAxMGQucG9wLiwgbVx1MDExYnN0bywgUFNcdTAxMGMsIHN0XHUwMGUxdCIsInBsYWNlaG9sZGVyIjoiRkFJLCBVVEIgdmUgWmxcdTAwZWRuXHUwMTFiLCBuXHUwMGUxbS4gVC4gRy4gTWFzYXJ5a2EgNTU1NSwgWmxcdTAwZWRuLCA3NjAgMDEsIFx1MDEwY2Vza1x1MDBlMSByZXB1Ymxpa2EiLCJ2YWx1ZSI6IiIsInZhbHVlX3ByZXNldCI6IiIsImh0bWwiOiJ0ZXh0IiwibWFuZGF0b3J5IjoiMSIsIm1pbl9zaXplIjoiIiwibWF4X3NpemUiOiIiLCJhZGRfY2xhc3NlcyI6IiIsImFkZF9zdHlsZXMiOiIiLCJhZGRfYXR0ciI6IiIsInZuX29ubHlfbnVtYmVyIjoiMCIsInZuX29ubHlfbGV0dGVycyI6IjAiLCJ2bl9wYXR0ZXJuIjoiIiwidm5fZXF1YWwiOiIiLCJpY29uX2NsYXNzIjoiIiwiaWNvbl9zaXplIjoiIiwiaWNvbl9jb2xvciI6IiIsInRlcm1zIjoiIn0seyJic19jbGFzc19pZCI6IjEyIiwibmFtZSI6IklDTyIsImxhYmVsIjoiSVx1MDEwYyIsInBsYWNlaG9sZGVyIjoiNzA4ODM1MjEiLCJ2YWx1ZSI6IiIsInZhbHVlX3ByZXNldCI6IiIsImh0bWwiOiJ0ZXh0IiwibWFuZGF0b3J5IjoiMSIsIm1pbl9zaXplIjoiIiwibWF4X3NpemUiOiIiLCJhZGRfY2xhc3NlcyI6IiIsImFkZF9zdHlsZXMiOiIiLCJhZGRfYXR0ciI6IiIsInZuX29ubHlfbnVtYmVyIjoiMCIsInZuX29ubHlfbGV0dGVycyI6IjAiLCJ2bl9wYXR0ZXJuIjoiIiwidm5fZXF1YWwiOiIiLCJpY29uX2NsYXNzIjoiIiwiaWNvbl9zaXplIjoiIiwiaWNvbl9jb2xvciI6IiIsInRlcm1zIjoiIn0seyJic19jbGFzc19pZCI6IjEyIiwibmFtZSI6IkRJQyIsImxhYmVsIjoiRElcdTAxMGMiLCJwbGFjZWhvbGRlciI6IkNaNzA4ODM1MjEiLCJ2YWx1ZSI6IiIsInZhbHVlX3ByZXNldCI6IiIsImh0bWwiOiJ0ZXh0IiwibWFuZGF0b3J5IjoiMSIsIm1pbl9zaXplIjoiIiwibWF4X3NpemUiOiIiLCJhZGRfY2xhc3NlcyI6IiIsImFkZF9zdHlsZXMiOiIiLCJhZGRfYXR0ciI6IiIsInZuX29ubHlfbnVtYmVyIjoiMCIsInZuX29ubHlfbGV0dGVycyI6IjAiLCJ2bl9wYXR0ZXJuIjoiIiwidm5fZXF1YWwiOiIiLCJpY29uX2NsYXNzIjoiIiwiaWNvbl9zaXplIjoiIiwiaWNvbl9jb2xvciI6IiIsInRlcm1zIjoiIn0seyJic19jbGFzc19pZCI6IjEyIiwibmFtZSI6IlZzZV9kb3Byb3ZvZG55X3Byb2dyYW0iLCJsYWJlbCI6IlByb3NcdTAwZWRtZSwgdnlwbFx1MDE0OHRlIHpkYSBjaGNldGUgcGxuXHUwMGZkIHByb2dyYW0gbmVibyBqZW4gZG9wcm92b2RuXHUwMGZkIHByb2dyYW0iLCJ2YWx1ZSI6IiIsInZhbHVlX3ByZXNldCI6IiIsImh0bWwiOiJjaGVja2JveGxpc3QiLCJtYW5kYXRvcnkiOiIxIiwibGFiZWxfZGVsaW0iOiIiLCJkaXNwbGF5Ijoicm93IiwiYWRkX2NsYXNzZXMiOiIiLCJhZGRfc3R5bGVzIjoiIiwiYWRkX2F0dHIiOiIiLCJpY29uX2NsYXNzIjoiIiwiaWNvbl9zaXplIjoiIiwiaWNvbl9jb2xvciI6IiIsInRlcm1zIjoiIiwib3B0aW9ucyI6W3sibmFtZSI6IlBsblx1MDBmZCBwcm9ncmFtIiwibGFiZWwiOiJQbG5cdTAwZmQgcHJvZ3JhbSJ9LHsibmFtZSI6IkRvcHJvdm9kblx1MDBmZCBwcm9ncmFtIiwibGFiZWwiOiJEb3Byb3ZvZG5cdTAwZmQgcHJvZ3JhbSJ9XX0seyJic19jbGFzc19pZCI6IjYiLCJuYW1lIjoic2VuZCIsImxhYmVsIjoiU2VuZCIsImh0bWwiOiJzdWJtaXQiLCJhZGRfY2xhc3NlcyI6IiIsImFkZF9zdHlsZXMiOiIiLCJhZGRfYXR0ciI6IiJ9LHsiYnNfY2xhc3NfaWQiOiI2IiwibmFtZSI6InJlc2V0IiwibGFiZWwiOiJSZXNldCIsImh0bWwiOiJyZXNldCIsImFkZF9jbGFzc2VzIjoiIiwiYWRkX3N0eWxlcyI6IiIsImFkZF9hdHRyIjoiIn1dLCJvcHRzX2F0dHJzIjp7ImJnX251bWJlciI6IjQifX0sImltZ19wcmV2aWV3IjoiYmFzZS1jb250YWN0LmpwZyIsInZpZXdzIjoiMjc3IiwidW5pcXVlX3ZpZXdzIjoiMTMyIiwiYWN0aW9ucyI6IjIyIiwic29ydF9vcmRlciI6IjEiLCJpc19wcm8iOiIwIiwiYWJfaWQiOiIwIiwiZGF0ZV9jcmVhdGVkIjoiMjAxNi0wNS0wMyAxNTowMTowMyIsImltZ19wcmV2aWV3X3VybCI6Imh0dHBzOlwvXC9hcmFwMjMuZmFpLnV0Yi5jelwvd3AtY29udGVudFwvcGx1Z2luc1wvY29udGFjdC1mb3JtLWJ5LXN1cHN5c3RpY1wvYXNzZXRzXC9mb3Jtc1wvaW1nXC9wcmV2aWV3XC9iYXNlLWNvbnRhY3QuanBnIiwidmlld19pZCI6IjExXzMzNzI3OCIsInZpZXdfaHRtbF9pZCI6ImNzcEZvcm1TaGVsbF8xMV8zMzcyNzgiLCJjb25uZWN0X2hhc2giOiJlODRkOWIxZWM1OGIxMmRkZmI2ZWJlYzg2NzAxNDFiNyJ9<\/span>\n\n                  <\/div>\n                <\/div>\n              <\/div>\n            <\/div>\n          <\/div>\n        <\/div>\n      <\/div>\n    <\/div>\n  <\/div>\n<\/div>","protected":false},"excerpt":{"rendered":"<p>Registrace<\/p>\n","protected":false},"author":1,"featured_media":0,"parent":241,"menu_order":0,"comment_status":"closed","ping_status":"closed","template":"page-templates\/full-width-page.php","meta":{"footnotes":""},"class_list":["post-469","page","type-page","status-publish","hentry"],"_links":{"self":[{"href":"https:\/\/arap23.fai.utb.cz\/index.php\/wp-json\/wp\/v2\/pages\/469","targetHints":{"allow":["GET"]}}],"collection":[{"href":"https:\/\/arap23.fai.utb.cz\/index.php\/wp-json\/wp\/v2\/pages"}],"about":[{"href":"https:\/\/arap23.fai.utb.cz\/index.php\/wp-json\/wp\/v2\/types\/page"}],"author":[{"embeddable":true,"href":"https:\/\/arap23.fai.utb.cz\/index.php\/wp-json\/wp\/v2\/users\/1"}],"replies":[{"embeddable":true,"href":"https:\/\/arap23.fai.utb.cz\/index.php\/wp-json\/wp\/v2\/comments?post=469"}],"version-history":[{"count":4,"href":"https:\/\/arap23.fai.utb.cz\/index.php\/wp-json\/wp\/v2\/pages\/469\/revisions"}],"predecessor-version":[{"id":688,"href":"https:\/\/arap23.fai.utb.cz\/index.php\/wp-json\/wp\/v2\/pages\/469\/revisions\/688"}],"up":[{"embeddable":true,"href":"https:\/\/arap23.fai.utb.cz\/index.php\/wp-json\/wp\/v2\/pages\/241"}],"wp:attachment":[{"href":"https:\/\/arap23.fai.utb.cz\/index.php\/wp-json\/wp\/v2\/media?parent=469"}],"curies":[{"name":"wp","href":"https:\/\/api.w.org\/{rel}","templated":true}]}}