{"id":243,"date":"2023-07-12T13:43:54","date_gmt":"2023-07-12T11:43:54","guid":{"rendered":"https:\/\/arap23.fai.utb.cz\/?page_id=243"},"modified":"2023-07-19T13:36:13","modified_gmt":"2023-07-19T11:36:13","slug":"konference","status":"publish","type":"page","link":"https:\/\/arap23.fai.utb.cz\/index.php\/konference\/","title":{"rendered":"Konference"},"content":{"rendered":"<div data-colibri-id=\"243-c1\" class=\"style-310 style-local-243-c1 position-relative\">\n  <!---->\n  <div data-colibri-component=\"section\" data-colibri-id=\"243-c2\" id=\"custom\" class=\"h-section h-section-global-spacing d-flex align-items-lg-center align-items-md-center align-items-center style-311 style-local-243-c2 position-relative\">\n    <!---->\n    <!---->\n    <div class=\"h-section-grid-container h-section-boxed-container\">\n      <!---->\n      <div data-colibri-id=\"243-c3\" class=\"h-row-container gutters-row-lg-2 gutters-row-md-2 gutters-row-0 gutters-row-v-lg-2 gutters-row-v-md-2 gutters-row-v-2 style-312 style-local-243-c3 position-relative\">\n        <!---->\n        <div class=\"h-row justify-content-lg-center justify-content-md-center justify-content-center align-items-lg-stretch align-items-md-stretch align-items-stretch gutters-col-lg-2 gutters-col-md-2 gutters-col-0 gutters-col-v-lg-2 gutters-col-v-md-2 gutters-col-v-2\">\n          <!---->\n          <div class=\"h-column h-column-container d-flex h-col-lg-auto h-col-md-auto h-col-auto style-313-outer style-local-243-c4-outer\">\n            <div data-colibri-id=\"243-c4\" class=\"d-flex h-flex-basis h-column__inner h-px-lg-2 h-px-md-2 h-px-2 v-inner-lg-2 v-inner-md-2 v-inner-2 style-313 style-local-243-c4 position-relative\">\n              <!---->\n              <!---->\n              <div class=\"w-100 h-y-container h-column__content h-column__v-align flex-basis-100 align-self-lg-start align-self-md-start align-self-start\">\n                <!---->\n                <div data-colibri-id=\"243-c5\" class=\"d-block style-318 style-local-243-c5 position-relative h-element\">\n                  <!---->\n                  <div class=\"h-image__frame-container-outer\">\n                    <div class=\"h-image__frame-container\">\n                      <!---->\n                      <!---->\n                      <img loading=\"lazy\" decoding=\"async\" width=\"1500\" height=\"84\" src=\"https:\/\/arap23.fai.utb.cz\/wp-content\/uploads\/2023\/07\/arap2023_new.jpg\" class=\"wp-image-643 style-318-image style-local-243-c5-image\" alt=\"\" srcset=\"https:\/\/arap23.fai.utb.cz\/wp-content\/uploads\/2023\/07\/arap2023_new.jpg 1500w, https:\/\/arap23.fai.utb.cz\/wp-content\/uploads\/2023\/07\/arap2023_new-300x17.jpg 300w, https:\/\/arap23.fai.utb.cz\/wp-content\/uploads\/2023\/07\/arap2023_new-1024x57.jpg 1024w, https:\/\/arap23.fai.utb.cz\/wp-content\/uploads\/2023\/07\/arap2023_new-768x43.jpg 768w\" sizes=\"auto, (max-width: 1500px) 100vw, 1500px\" \/>\n                      <div class=\"h-image__frame h-hide-lg h-hide-md h-hide-sm style-318-frameImage style-local-243-c5-frameImage\"><\/div>\n                    <\/div>\n                  <\/div>\n                <\/div>\n              <\/div>\n            <\/div>\n          <\/div>\n        <\/div>\n      <\/div>\n    <\/div>\n  <\/div>\n  <div data-colibri-component=\"section\" data-colibri-id=\"243-c6\" id=\"custom-2\" class=\"h-section h-section-global-spacing d-flex align-items-lg-center align-items-md-center align-items-center style-315 style-local-243-c6 position-relative\">\n    <!---->\n    <!---->\n    <div class=\"h-section-grid-container h-section-boxed-container\">\n      <!---->\n      <div data-colibri-id=\"243-c7\" class=\"h-row-container gutters-row-lg-2 gutters-row-md-2 gutters-row-0 gutters-row-v-lg-2 gutters-row-v-md-2 gutters-row-v-2 style-319 style-local-243-c7 position-relative\">\n        <!---->\n        <div class=\"h-row justify-content-lg-center justify-content-md-center justify-content-center align-items-lg-stretch align-items-md-stretch align-items-stretch gutters-col-lg-2 gutters-col-md-2 gutters-col-0 gutters-col-v-lg-2 gutters-col-v-md-2 gutters-col-v-2\">\n          <!---->\n          <div class=\"h-column h-column-container d-flex h-col-lg-auto h-col-md-auto h-col-auto style-320-outer style-local-243-c8-outer\">\n            <div data-colibri-id=\"243-c8\" class=\"d-flex h-flex-basis h-column__inner h-px-lg-2 h-px-md-2 h-px-2 v-inner-lg-2 v-inner-md-2 v-inner-2 style-320 style-local-243-c8 position-relative\">\n              <!---->\n              <!---->\n              <div class=\"w-100 h-y-container h-column__content h-column__v-align flex-basis-100 align-self-lg-start align-self-md-start align-self-start\">\n                <!---->\n                <div data-colibri-id=\"243-c9\" class=\"h-global-transition-all h-heading style-321 style-local-243-c9 position-relative h-element\">\n                  <!---->\n                  <div class=\"h-heading__outer style-321 style-local-243-c9\">\n                    <!---->\n                    <!---->\n                    <h1 class=\"\">Konference<\/h1>\n                  <\/div>\n                <\/div>\n                <div data-colibri-id=\"243-c10\" class=\"h-text h-text-component style-429 style-local-243-c10 position-relative h-element\">\n                  <!---->\n                  <!---->\n                  <div class=\"\">\n                    <p>N\u00e1pl\u0148 a c\u00edl konference<\/p>\n                    <p>Je p\u0159irozen\u00e9, \u017ee hlavn\u00edm z\u00e1m\u011brem konference uzav\u00edraj\u00edc\u00ed dvacetiletou historii kon\u00e1n\u00ed, mus\u00ed b\u00fdt ur\u010dit\u00e9 zhodnocen\u00ed dosavadn\u00edho v\u00fdvoje v&nbsp;oblastech, na kter\u00e9 se v\u017edy orientovala. Automatizace uplat\u0148uj\u00edc\u00ed se p\u0159i \u0159\u00edzen\u00ed proces\u016f technick\u00e9\n                      povahy je spole\u010dn\u00fdm motivem i pro leto\u0161n\u00ed posledn\u00ed ro\u010dn\u00edk.&nbsp;S&nbsp;ohledem na zkr\u00e1cenou jednodenn\u00ed realizaci a okolnosti pro jej\u00ed uspo\u0159\u00e1d\u00e1n\u00ed je kladen d\u016fraz na predikci dal\u0161\u00edho v\u00fdvoje automatizace, kter\u00fd je mo\u017eno v\u00edcem\u00e9n\u011b odhadnout\n                      ze sou\u010dasn\u00e9ho stavu mezioborov\u00e9ho propojen\u00ed aktivit v&nbsp;t\u00e9to oblasti. Tyto v&nbsp;kombinac\u00edch r\u016fzn\u00fdch, \u010dasto nov\u00fdch, profes\u00ed mohou p\u0159in\u00e1\u0161et a p\u0159in\u00e1\u0161ej\u00ed nov\u00e9 mo\u017enosti pro komplexn\u00ed automatizaci a robotizaci, sm\u011b\u0159uj\u00edc\u00ed k&nbsp;napl\u0148ov\u00e1n\u00ed\n                      konceptu Pr\u016fmysl 4.0.<\/p>\n                    <p>Zaj\u00edmav\u00e9 proto budou odpov\u011bdi na toto t\u00e9ma zejm\u00e9na z pohledu st\u011b\u017eejn\u00edch firem, kter\u00e9 v uveden\u00e9 oblasti dlouhodob\u011b p\u016fsob\u00ed a jsou realisticky schopn\u00e9 se k t\u00e9matu zasv\u011bcen\u011b, na z\u00e1klad\u011b aktu\u00e1ln\u00edch po\u017eadavk\u016f praxe, vyj\u00e1d\u0159it a sou\u010dasn\u011b odpov\u011bdn\u011b\n                      predikovat dal\u0161\u00ed v\u00fdvoj v t\u00e9to pro budoucnost v\u00fdznamn\u00e9 oblasti. Z\u00e1rukou pro napln\u011bn\u00ed t\u011bchto o\u010dek\u00e1v\u00e1n\u00ed jsou vesm\u011bs pozitivn\u00ed reakce od osloven\u00fdch firem, v\u011bt\u0161inou z&nbsp;\u0159ad tradi\u010dn\u00edch \u00fa\u010dastn\u00edk\u016f minul\u00fdch ro\u010dn\u00edk\u016f, kter\u00e9 byly pozv\u00e1ny,\n                      aby se staly jej\u00edmi programov\u00fdmi partnery. P\u0159edlo\u017een\u00fdmi n\u00e1vrhy se up\u0159esnila a konkretizovala n\u00e1pl\u0148 konference obecn\u011b nazvan\u00e9<\/p>\n                  <\/div>\n                <\/div>\n                <div data-colibri-id=\"243-c11\" class=\"h-text h-text-component style-324 style-local-243-c11 position-relative h-element\">\n                  <!---->\n                  <!---->\n                  <div class=\"\">\n                    <p><strong><em>AUTOMATIZACE<\/em><\/strong><em>:&nbsp;budoucnost &#8211; sou\u010dasnost \u2013 historie<\/em><\/p>\n                  <\/div>\n                <\/div>\n                <div data-colibri-id=\"243-c12\" class=\"h-text h-text-component style-472 style-local-243-c12 position-relative h-element\">\n                  <!---->\n                  <!---->\n                  <div class=\"\">\n                    <p>Konference prob\u011bhne ve t\u0159ech programov\u00fdch bloc\u00edch<\/p>\n                    <p>&nbsp;&nbsp;&nbsp;&nbsp;&nbsp;&nbsp;&nbsp;&nbsp;&nbsp;&nbsp;A.&nbsp;&nbsp;<strong>dopoledn\u00ed blok<\/strong> bude tvo\u0159en\u00fd po zahajovac\u00edch vystoupen\u00edch p\u0159edn\u00e1\u0161kami v\u00fdznamn\u00fdch p\u0159edstavitel\u016f firem, pod\u00edlej\u00edc\u00edch se na zabezpe\u010dov\u00e1n\u00ed rozvoje\n                      <br>&nbsp;&nbsp;&nbsp;&nbsp;&nbsp;&nbsp;&nbsp;&nbsp;&nbsp;&nbsp;&nbsp;&nbsp;&nbsp;&nbsp;&nbsp;&nbsp;\u00farovn\u011b automatizace, kter\u00e9 partne\u0159i konference navrhli jako inspirativn\u00ed a nosn\u00e1.<\/p>\n                    <p>&nbsp;&nbsp;&nbsp;&nbsp;&nbsp;&nbsp;&nbsp;&nbsp;&nbsp;&nbsp;B.&nbsp;&nbsp;<strong>odpoledn\u00ed blok<\/strong> bude v\u011bnovan\u00fd uk\u00e1zk\u00e1m re\u00e1ln\u00fdch sou\u010dasn\u00fdch \u0159e\u0161en\u00ed pr\u016fmyslov\u00e9 automatizace formou p\u0159edn\u00e1\u0161ek a exkurzi v&nbsp;laborato\u0159\u00edch&nbsp;CIIRKu&nbsp;<\/p>\n                    <p>&nbsp;&nbsp;&nbsp;&nbsp;&nbsp;&nbsp;&nbsp;&nbsp;&nbsp;&nbsp;C.&nbsp;&nbsp;<strong>podve\u010dern\u00ed diskusn\u011b-spole\u010densk\u00fd blok<\/strong>&nbsp;<strong>s&nbsp;doprovodn\u00fdm programem konference <\/strong>slo\u017een\u00fd z&nbsp;kr\u00e1tk\u00fdch neform\u00e1ln\u00edch vystoupen\u00ed\n                      s&nbsp;p\u0159ipomenut\u00edm\n                      <br>&nbsp;&nbsp;&nbsp;&nbsp;&nbsp;&nbsp;&nbsp;&nbsp;&nbsp;&nbsp;&nbsp;&nbsp;&nbsp;&nbsp;&nbsp;&nbsp;za\u010d\u00e1tk\u016f a jejich sou\u010dasn\u00fdch dopad\u016f, a p\u0159ipomenut\u00edm dosa\u017een\u00fdch \u00fasp\u011bch\u016f ve spojitosti s&nbsp;v\u00fdznamn\u00fdm \u017eivotn\u00edm jubileem hlavn\u00edho protagonisty\n                      v\u0161ech\n                      <br>&nbsp;&nbsp;&nbsp;&nbsp;&nbsp;&nbsp;&nbsp;&nbsp;&nbsp;&nbsp;&nbsp;&nbsp;&nbsp;&nbsp;&nbsp;&nbsp;ro\u010dn\u00edk\u016f konference ARaP prof. Bohumila \u0160ulce, na tento blok po p\u0159\u00edpitku nav\u00e1\u017ee hudebn\u00ed vystoupen\u00ed a&nbsp;raut.<\/p>\n                  <\/div>\n                <\/div>\n              <\/div>\n            <\/div>\n          <\/div>\n        <\/div>\n      <\/div>\n      <div data-colibri-id=\"243-c13\" class=\"h-row-container gutters-row-lg-2 gutters-row-md-2 gutters-row-0 gutters-row-v-lg-2 gutters-row-v-md-2 gutters-row-v-2 style-316 style-local-243-c13 position-relative\">\n        <!---->\n        <div class=\"h-row justify-content-lg-center justify-content-md-center justify-content-center align-items-lg-stretch align-items-md-stretch align-items-stretch gutters-col-lg-2 gutters-col-md-2 gutters-col-0 gutters-col-v-lg-2 gutters-col-v-md-2 gutters-col-v-2\">\n          <!---->\n          <div class=\"h-column h-column-container d-flex h-col-lg-auto h-col-md-auto h-col-auto style-317-outer style-local-243-c14-outer\">\n            <div data-colibri-id=\"243-c14\" class=\"d-flex h-flex-basis h-column__inner h-ui-empty-state-container h-px-lg-2 h-px-md-2 h-px-2 v-inner-lg-2 v-inner-md-2 v-inner-2 style-317 style-local-243-c14 position-relative\">\n              <!---->\n              <!---->\n              <div class=\"w-100 h-y-container h-column__content h-column__v-align flex-basis-100\">\n                <!---->\n              <\/div>\n            <\/div>\n          <\/div>\n        <\/div>\n      <\/div>\n    <\/div>\n  <\/div>\n  <div data-colibri-component=\"section\" data-colibri-id=\"243-c15\" id=\"custom-3\" class=\"h-section h-section-global-spacing d-flex align-items-lg-center align-items-md-center align-items-center style-426 style-local-243-c15 position-relative\">\n    <!---->\n    <!---->\n    <div class=\"h-section-grid-container h-section-boxed-container\">\n      <!---->\n      <div data-colibri-id=\"243-c16\" class=\"h-row-container gutters-row-lg-2 gutters-row-md-2 gutters-row-0 gutters-row-v-lg-2 gutters-row-v-md-2 gutters-row-v-2 style-427 style-local-243-c16 position-relative\">\n        <!---->\n        <div class=\"h-row justify-content-lg-center justify-content-md-center justify-content-center align-items-lg-stretch align-items-md-stretch align-items-stretch gutters-col-lg-2 gutters-col-md-2 gutters-col-0 gutters-col-v-lg-2 gutters-col-v-md-2 gutters-col-v-2\">\n          <!---->\n          <div class=\"h-column h-column-container d-flex h-col-lg-auto h-col-md-auto h-col-auto style-428-outer style-local-243-c17-outer\">\n            <div data-colibri-id=\"243-c17\" class=\"d-flex h-flex-basis h-column__inner h-ui-empty-state-container h-px-lg-2 h-px-md-2 h-px-2 v-inner-lg-2 v-inner-md-2 v-inner-2 style-428 style-local-243-c17 position-relative\">\n              <!---->\n              <!---->\n              <div class=\"w-100 h-y-container h-column__content h-column__v-align flex-basis-100\">\n                <!---->\n              <\/div>\n            <\/div>\n          <\/div>\n        <\/div>\n      <\/div>\n    <\/div>\n  <\/div>\n<\/div>","protected":false},"excerpt":{"rendered":"<p>Konference N\u00e1pl\u0148 a c\u00edl konference Je p\u0159irozen\u00e9, \u017ee hlavn\u00edm z\u00e1m\u011brem konference uzav\u00edraj\u00edc\u00ed dvacetiletou historii kon\u00e1n\u00ed, mus\u00ed b\u00fdt ur\u010dit\u00e9 zhodnocen\u00ed dosavadn\u00edho v\u00fdvoje v&nbsp;oblastech, na kter\u00e9 se v\u017edy orientovala. Automatizace uplat\u0148uj\u00edc\u00ed se p\u0159i \u0159\u00edzen\u00ed proces\u016f technick\u00e9 povahy je spole\u010dn\u00fdm motivem i pro leto\u0161n\u00ed posledn\u00ed ro\u010dn\u00edk.&nbsp;S&nbsp;ohledem na zkr\u00e1cenou jednodenn\u00ed realizaci a okolnosti pro jej\u00ed uspo\u0159\u00e1d\u00e1n\u00ed je kladen d\u016fraz [&hellip;]<\/p>\n","protected":false},"author":1,"featured_media":0,"parent":0,"menu_order":30,"comment_status":"closed","ping_status":"closed","template":"page-templates\/full-width-page.php","meta":{"footnotes":""},"class_list":["post-243","page","type-page","status-publish","hentry"],"_links":{"self":[{"href":"https:\/\/arap23.fai.utb.cz\/index.php\/wp-json\/wp\/v2\/pages\/243","targetHints":{"allow":["GET"]}}],"collection":[{"href":"https:\/\/arap23.fai.utb.cz\/index.php\/wp-json\/wp\/v2\/pages"}],"about":[{"href":"https:\/\/arap23.fai.utb.cz\/index.php\/wp-json\/wp\/v2\/types\/page"}],"author":[{"embeddable":true,"href":"https:\/\/arap23.fai.utb.cz\/index.php\/wp-json\/wp\/v2\/users\/1"}],"replies":[{"embeddable":true,"href":"https:\/\/arap23.fai.utb.cz\/index.php\/wp-json\/wp\/v2\/comments?post=243"}],"version-history":[{"count":10,"href":"https:\/\/arap23.fai.utb.cz\/index.php\/wp-json\/wp\/v2\/pages\/243\/revisions"}],"predecessor-version":[{"id":653,"href":"https:\/\/arap23.fai.utb.cz\/index.php\/wp-json\/wp\/v2\/pages\/243\/revisions\/653"}],"wp:attachment":[{"href":"https:\/\/arap23.fai.utb.cz\/index.php\/wp-json\/wp\/v2\/media?parent=243"}],"curies":[{"name":"wp","href":"https:\/\/api.w.org\/{rel}","templated":true}]}}