{"id":194,"date":"2023-07-12T13:14:23","date_gmt":"2023-07-12T11:14:23","guid":{"rendered":"https:\/\/arap23.fai.utb.cz\/?page_id=194"},"modified":"2023-09-11T11:12:41","modified_gmt":"2023-09-11T09:12:41","slug":"o-udalosti","status":"publish","type":"page","link":"https:\/\/arap23.fai.utb.cz\/index.php\/o-udalosti\/","title":{"rendered":"O ud\u00e1losti"},"content":{"rendered":"<div data-colibri-id=\"194-c1\" class=\"style-268 style-local-194-c1 position-relative\">\n  <!---->\n  <div data-colibri-component=\"section\" data-colibri-id=\"194-c2\" id=\"custom\" class=\"h-section h-section-global-spacing d-flex align-items-lg-center align-items-md-center align-items-center style-269 style-local-194-c2 position-relative\">\n    <!---->\n    <!---->\n    <div class=\"h-section-grid-container h-section-boxed-container\">\n      <!---->\n      <div data-colibri-id=\"194-c3\" class=\"h-row-container gutters-row-lg-2 gutters-row-md-2 gutters-row-0 gutters-row-v-lg-2 gutters-row-v-md-2 gutters-row-v-2 style-297 style-local-194-c3 position-relative\">\n        <!---->\n        <div class=\"h-row justify-content-lg-center justify-content-md-center justify-content-center align-items-lg-stretch align-items-md-stretch align-items-stretch gutters-col-lg-2 gutters-col-md-2 gutters-col-0 gutters-col-v-lg-2 gutters-col-v-md-2 gutters-col-v-2\">\n          <!---->\n          <div class=\"h-column h-column-container d-flex h-col-lg-auto h-col-md-auto h-col-auto style-298-outer style-local-194-c4-outer\">\n            <div data-colibri-id=\"194-c4\" class=\"d-flex h-flex-basis h-column__inner h-px-lg-2 h-px-md-2 h-px-2 v-inner-lg-2 v-inner-md-2 v-inner-2 style-298 style-local-194-c4 position-relative\">\n              <!---->\n              <!---->\n              <div class=\"w-100 h-y-container h-column__content h-column__v-align flex-basis-100 align-self-lg-start align-self-md-start align-self-start\">\n                <!---->\n                <div data-colibri-id=\"194-c5\" class=\"d-block style-300 style-local-194-c5 position-relative h-element\">\n                  <!---->\n                  <div class=\"h-image__frame-container-outer\">\n                    <div class=\"h-image__frame-container\">\n                      <!---->\n                      <!---->\n                      <img loading=\"lazy\" decoding=\"async\" width=\"1500\" height=\"84\" src=\"https:\/\/arap23.fai.utb.cz\/wp-content\/uploads\/2023\/07\/arap2023_new.jpg\" class=\"wp-image-643 style-300-image style-local-194-c5-image\" alt=\"\" srcset=\"https:\/\/arap23.fai.utb.cz\/wp-content\/uploads\/2023\/07\/arap2023_new.jpg 1500w, https:\/\/arap23.fai.utb.cz\/wp-content\/uploads\/2023\/07\/arap2023_new-300x17.jpg 300w, https:\/\/arap23.fai.utb.cz\/wp-content\/uploads\/2023\/07\/arap2023_new-1024x57.jpg 1024w, https:\/\/arap23.fai.utb.cz\/wp-content\/uploads\/2023\/07\/arap2023_new-768x43.jpg 768w\" sizes=\"auto, (max-width: 1500px) 100vw, 1500px\" \/>\n                      <div class=\"h-image__frame h-hide-lg h-hide-md h-hide-sm style-300-frameImage style-local-194-c5-frameImage\"><\/div>\n                    <\/div>\n                  <\/div>\n                <\/div>\n              <\/div>\n            <\/div>\n          <\/div>\n        <\/div>\n      <\/div>\n      <div data-colibri-id=\"194-c6\" class=\"h-row-container gutters-row-lg-2 gutters-row-md-2 gutters-row-0 gutters-row-v-lg-2 gutters-row-v-md-2 gutters-row-v-2 style-272 style-local-194-c6 position-relative\">\n        <!---->\n        <div class=\"h-row justify-content-lg-center justify-content-md-center justify-content-center align-items-lg-stretch align-items-md-stretch align-items-stretch gutters-col-lg-2 gutters-col-md-2 gutters-col-0 gutters-col-v-lg-2 gutters-col-v-md-2 gutters-col-v-2\">\n          <!---->\n          <div class=\"h-column h-column-container d-flex h-col-lg-auto h-col-md-auto h-col-auto style-273-outer style-local-194-c7-outer\">\n            <div data-colibri-id=\"194-c7\" class=\"d-flex h-flex-basis h-column__inner h-px-lg-2 h-px-md-2 h-px-2 v-inner-lg-2 v-inner-md-2 v-inner-2 style-273 style-local-194-c7 position-relative\">\n              <!---->\n              <!---->\n              <div class=\"w-100 h-y-container h-column__content h-column__v-align flex-basis-100 align-self-lg-start align-self-md-start align-self-start\">\n                <!---->\n                <div data-colibri-id=\"194-c8\" class=\"h-global-transition-all h-heading style-275 style-local-194-c8 position-relative h-element\">\n                  <!---->\n                  <div class=\"h-heading__outer style-275 style-local-194-c8\">\n                    <!---->\n                    <!---->\n                    <h1 class=\"\">O ud\u00e1losti<\/h1>\n                  <\/div>\n                <\/div>\n                <div data-colibri-id=\"194-c9\" class=\"h-global-transition-all h-heading style-304 style-local-194-c9 position-relative h-element\">\n                  <!---->\n                  <div class=\"h-heading__outer style-304 style-local-194-c9\">\n                    <!---->\n                    <!---->\n                    <h4 class=\"\">Organiz\u00e1to\u0159i:<\/h4>\n                  <\/div>\n                <\/div>\n                <div data-colibri-id=\"194-c10\" class=\"h-text h-text-component style-274 style-local-194-c10 position-relative h-element\">\n                  <!---->\n                  <!---->\n                  <div class=\"\">\n                    <p>Akronym ARaP byl zaveden pro zkr\u00e1cen\u00e9 ozna\u010den\u00ed technick\u00e9 konference t\u00e9maticky orientovan\u00e9 na problematiku spojenou s&nbsp;automatizac\u00ed, regulac\u00ed (pozd\u011bji l\u00e9pe interpretovatelnou jako robotizace) a procesy, tedy z p\u00edsmen pln\u00e9ho pojmenov\u00e1n\u00ed\n                      Automatizace \u2013 Regulace\/Robotizace \u00ad Procesy.<\/p>\n                    <p>ARaP 2023 je v&nbsp;po\u0159ad\u00ed \u0161estn\u00e1ct\u00e1, doposud v\u0161echny byly organizov\u00e1ny prof. \u0160ulcem. Z\u00e1m\u011brem leto\u0161n\u00edho ro\u010dn\u00edku je spojit ukon\u010den\u00ed t\u00e9to jedine\u010dn\u00e9 s\u00e9rie sou\u010dasn\u011b s jeho osmdes\u00e1tinami. K&nbsp;podpo\u0159e tohoto z\u00e1m\u011bru se p\u0159ihl\u00e1sili a napl\u0148uj\u00ed\n                      jej n\u00e1sleduj\u00edc\u00edmi aktivitami:<\/p>\n                    <p>\n                      <br>\n                    <\/p>\n                    <ul>\n                      <li><strong>prof. Ing. Vladim\u00edr Ma\u0159\u00edk, DrSc. d.h.c.<\/strong>, v\u011bdeck\u00fd \u0159editel \u010cesk\u00e9ho institutu informatiky, robotiky a kybernetiky poskytnut\u00edm osobn\u00ed z\u00e1\u0161tity a podporou uspo\u0159\u00e1d\u00e1n\u00ed konference v prostor\u00e1ch CIIRC<\/li>\n                      <li><strong>prof. Ing. Bohumil \u0160ulc, CSc.<\/strong>, koordinov\u00e1n\u00edm tvorby \u010dasov\u00e9ho rozvrhu v programov\u00e9m v\u00fdboru tvo\u0159en\u00fdm firmami, kter\u00e9 se p\u0159ihl\u00e1sily ke konferen\u010dn\u00edmu partnerstv\u00ed, a veden\u00edm \u00dastavu p\u0159\u00edstrojov\u00e9 a \u0159\u00eddic\u00ed techniky a \u00dastavu\n                        v\u00fdrobn\u00edch stroj\u016f a za\u0159\u00edzen\u00ed Fakulty strojn\u00ed \u010cVUT v&nbsp;Praze<\/li>\n                      <li><strong>prof. Ing. Vladim\u00edr Va\u0161ek, CSc.<\/strong>, \u0159editel \u00dastavu automatizace a \u0159\u00eddic\u00ed techniky na Fakult\u011b aplikovan\u00e9 informatiky Univerzity Tom\u00e1\u0161e Bati,&nbsp;ve spolupr\u00e1ci s&nbsp;v\u011bdeck\u00fdm tajemn\u00edkem \u010ceskomoravsk\u00e9 spole\u010dnosti pro\n                        automatizaci z.s. <strong>Ing. Tom\u00e1\u0161em Krannichem, Ph.D,<\/strong> \u0159\u00edzen\u00edm organiza\u010dn\u00edho v\u00fdboru zaji\u0161\u0165uj\u00edc\u00edho agendu p\u0159ihl\u00e1\u0161ek a plateb<\/li>\n                      <li>na osloven\u00ed odborn\u00e9 ve\u0159ejnosti a propagaci konference spolupracuj\u00ed&nbsp;\u0161\u00e9fredakto\u0159i odborn\u00fdch \u010dasopis\u016f <strong>Ing. Roman Dvo\u0159\u00e1k<\/strong> (MM Pr\u016fmyslov\u00e9 spektrum) a <strong>Ing. Petr Barto\u0161\u00edk<\/strong> (Automa).<\/li>\n                    <\/ul>\n                    <p>\n                      <br>\n                    <\/p>\n                  <\/div>\n                <\/div>\n              <\/div>\n            <\/div>\n          <\/div>\n        <\/div>\n      <\/div>\n      <div data-colibri-id=\"194-c11\" class=\"h-row-container gutters-row-lg-2 gutters-row-md-2 gutters-row-0 gutters-row-v-lg-2 gutters-row-v-md-2 gutters-row-v-2 style-276 style-local-194-c11 position-relative\">\n        <!---->\n        <div class=\"h-row justify-content-lg-center justify-content-md-center justify-content-center align-items-lg-stretch align-items-md-stretch align-items-stretch gutters-col-lg-2 gutters-col-md-2 gutters-col-0 gutters-col-v-lg-2 gutters-col-v-md-2 gutters-col-v-2\">\n          <!---->\n          <div class=\"h-column h-column-container d-flex h-col-lg-auto h-col-md-auto h-col-auto style-277-outer style-local-194-c12-outer\">\n            <div data-colibri-id=\"194-c12\" class=\"d-flex h-flex-basis h-column__inner h-px-lg-2 h-px-md-2 h-px-2 v-inner-lg-2 v-inner-md-2 v-inner-2 style-277 style-local-194-c12 position-relative\">\n              <!---->\n              <!---->\n              <div class=\"w-100 h-y-container h-column__content h-column__v-align flex-basis-100 align-self-lg-start align-self-md-start align-self-start\">\n                <!---->\n                <div data-colibri-id=\"194-c13\" class=\"h-text h-text-component style-278 style-local-194-c13 position-relative h-element\">\n                  <!---->\n                  <!---->\n                  <div class=\"\">\n                    <p><strong><em>Platebn\u00ed instrukce:<\/em><\/strong><\/p>\n                    <p>Vlo\u017en\u00e9 pro \u00fa\u010dastn\u00edky konference v&nbsp;pln\u00e9m rozsahu bylo stanoveno na <strong>1 600,- K\u010d<\/strong>&nbsp;v\u010detn\u011b DPH (zahrnuje v\u0161echny t\u0159i konferen\u010dn\u00ed bloky) a bude splatn\u00e9 na z\u00e1klad\u011b vystaven\u00e9 a doru\u010den\u00e9 faktury. \u00dahrada za \u00fa\u010dast na\n                      doprovodn\u00e9m programu byla stanovena na \u010d\u00e1stku <strong>700,- K\u010d <\/strong>v\u010detn\u011b DPH<strong>.<br><\/strong><\/p>\n                    <p><strong><em>D\u016fle\u017eit\u00e9 term\u00edny:<\/em><\/strong>\n                      <br>Registrace \u00fa\u010dastn\u00edk\u016f do <strong>bez omezen\u00ed<\/strong>\n                      <br>\n                      <br>\u00dahrada vlo\u017en\u00e9ho (pop\u0159. \u00fa\u010dasti na doprovodn\u00e9m programu):\n                      <br>podle term\u00ednu splatnosti, uveden\u00e9m na faktu\u0159e, vygenerovan\u00e9 na z\u00e1klad\u011b odeslan\u00e9 registrace na konferenci.\n                      <br>\n                      <br>V&nbsp;p\u0159\u00edpad\u011b \u00fa\u010dasti jen na doprovodn\u00e9m programu bude mo\u017eno ve v\u00fdjime\u010dn\u00e9m p\u0159\u00edpad\u011b platbu uskute\u010dnit i dodate\u010dn\u011b v&nbsp;hotovosti na m\u00edst\u011b jedn\u00e1n\u00ed konference.<\/p>\n                    <p>Srde\u010dn\u011b V\u00e1s na tuto konferenci zveme.<\/p>\n                    <p>Z\u00e1kladn\u00ed informace o minul\u00fdch ro\u010dn\u00edc\u00edch naleznete na:\n                      <br>\n                    <\/p>\n                  <\/div>\n                <\/div>\n                <div data-colibri-id=\"194-c14\" class=\"h-x-container style-295 style-local-194-c14 position-relative h-element\">\n                  <!---->\n                  <div class=\"h-x-container-inner style-dynamic-194-c14-group style-295-spacing style-local-194-c14-spacing\"><span class=\"h-link__outer style-296-outer style-local-194-c15-outer d-inline-flex h-element\"><a h-use-smooth-scroll=\"true\" href=\"http:\/\/www.arap.cz\/v1\/index.php\"  data-colibri-id=\"194-c15\" class=\"d-flex w-100 align-items-center h-link style-296 style-local-194-c15 position-relative\"><!----><!----> <span>http:\/\/www.arap.cz\/v1\/index.php<\/span><\/a>\n                    <\/span>\n                  <\/div>\n                <\/div>\n              <\/div>\n            <\/div>\n          <\/div>\n        <\/div>\n      <\/div>\n    <\/div>\n  <\/div>\n<\/div>","protected":false},"excerpt":{"rendered":"<p>O ud\u00e1losti Organiz\u00e1to\u0159i: Akronym ARaP byl zaveden pro zkr\u00e1cen\u00e9 ozna\u010den\u00ed technick\u00e9 konference t\u00e9maticky orientovan\u00e9 na problematiku spojenou s&nbsp;automatizac\u00ed, regulac\u00ed (pozd\u011bji l\u00e9pe interpretovatelnou jako robotizace) a procesy, tedy z p\u00edsmen pln\u00e9ho pojmenov\u00e1n\u00ed Automatizace \u2013 Regulace\/Robotizace \u00ad Procesy. ARaP 2023 je v&nbsp;po\u0159ad\u00ed \u0161estn\u00e1ct\u00e1, doposud v\u0161echny byly organizov\u00e1ny prof. \u0160ulcem. Z\u00e1m\u011brem leto\u0161n\u00edho ro\u010dn\u00edku je spojit ukon\u010den\u00ed t\u00e9to jedine\u010dn\u00e9 [&hellip;]<\/p>\n","protected":false},"author":1,"featured_media":0,"parent":0,"menu_order":10,"comment_status":"closed","ping_status":"closed","template":"page-templates\/full-width-page.php","meta":{"footnotes":""},"class_list":["post-194","page","type-page","status-publish","hentry"],"_links":{"self":[{"href":"https:\/\/arap23.fai.utb.cz\/index.php\/wp-json\/wp\/v2\/pages\/194","targetHints":{"allow":["GET"]}}],"collection":[{"href":"https:\/\/arap23.fai.utb.cz\/index.php\/wp-json\/wp\/v2\/pages"}],"about":[{"href":"https:\/\/arap23.fai.utb.cz\/index.php\/wp-json\/wp\/v2\/types\/page"}],"author":[{"embeddable":true,"href":"https:\/\/arap23.fai.utb.cz\/index.php\/wp-json\/wp\/v2\/users\/1"}],"replies":[{"embeddable":true,"href":"https:\/\/arap23.fai.utb.cz\/index.php\/wp-json\/wp\/v2\/comments?post=194"}],"version-history":[{"count":13,"href":"https:\/\/arap23.fai.utb.cz\/index.php\/wp-json\/wp\/v2\/pages\/194\/revisions"}],"predecessor-version":[{"id":1098,"href":"https:\/\/arap23.fai.utb.cz\/index.php\/wp-json\/wp\/v2\/pages\/194\/revisions\/1098"}],"wp:attachment":[{"href":"https:\/\/arap23.fai.utb.cz\/index.php\/wp-json\/wp\/v2\/media?parent=194"}],"curies":[{"name":"wp","href":"https:\/\/api.w.org\/{rel}","templated":true}]}}